{"id":18674,"date":"2022-12-19T15:45:51","date_gmt":"2022-12-19T15:45:51","guid":{"rendered":"https:\/\/nordmann.es\/?page_id=18674"},"modified":"2025-03-20T10:19:19","modified_gmt":"2025-03-20T10:19:19","slug":"szczegoly-nieruchomosci","status":"publish","type":"page","link":"https:\/\/nordmann.es\/pl\/szczegoly-nieruchomosci\/","title":{"rendered":"Szczeg\u00f3\u0142y nieruchomo\u015bci"},"content":{"rendered":"\t\t<div data-elementor-type=\"wp-page\" data-elementor-id=\"18674\" class=\"elementor elementor-18674\" data-elementor-post-type=\"page\">\n\t\t\t\t\t\t<section class=\"elementor-section elementor-top-section elementor-element elementor-element-011d579 elementor-section-boxed elementor-section-height-default elementor-section-height-default\" data-id=\"011d579\" data-element_type=\"section\" data-settings=\"{&quot;background_background&quot;:&quot;classic&quot;}\">\n\t\t\t\t\t\t<div class=\"elementor-container elementor-column-gap-default\">\n\t\t\t\t\t<div class=\"elementor-column elementor-col-100 elementor-top-column elementor-element elementor-element-1a46cdb\" data-id=\"1a46cdb\" data-element_type=\"column\" data-settings=\"{&quot;background_background&quot;:&quot;classic&quot;}\">\n\t\t\t<div class=\"elementor-widget-wrap elementor-element-populated\">\n\t\t\t\t\t\t<div class=\"elementor-element elementor-element-c9f00ba elementor-widget elementor-widget-heading\" data-id=\"c9f00ba\" data-element_type=\"widget\" data-widget_type=\"heading.default\">\n\t\t\t\t<div class=\"elementor-widget-container\">\n\t\t\t<h2 class=\"elementor-heading-title elementor-size-default\">Property Profile<\/h2>\t\t<\/div>\n\t\t\t\t<\/div>\n\t\t\t\t<div class=\"elementor-element elementor-element-993fc49 elementor-widget elementor-widget-shortcode\" data-id=\"993fc49\" data-element_type=\"widget\" data-widget_type=\"shortcode.default\">\n\t\t\t\t<div class=\"elementor-widget-container\">\n\t\t\t\t\t<div class=\"elementor-shortcode\"><p style='text-align:center;margin: 16px'>Error<\/p><\/div>\n\t\t\t\t<\/div>\n\t\t\t\t<\/div>\n\t\t\t\t\t<\/div>\n\t\t<\/div>\n\t\t\t\t\t<\/div>\n\t\t<\/section>\n\t\t\t\t<\/div>\n\t\t","protected":false},"excerpt":{"rendered":"<p>Arkusz w\u0142a\u015bciwo\u015bci<\/p>\n","protected":false},"author":1,"featured_media":0,"parent":0,"menu_order":0,"comment_status":"closed","ping_status":"closed","template":"","meta":{"footnotes":""},"class_list":["post-18674","page","type-page","status-publish","hentry"],"_links":{"self":[{"href":"https:\/\/nordmann.es\/pl\/wp-json\/wp\/v2\/pages\/18674","targetHints":{"allow":["GET"]}}],"collection":[{"href":"https:\/\/nordmann.es\/pl\/wp-json\/wp\/v2\/pages"}],"about":[{"href":"https:\/\/nordmann.es\/pl\/wp-json\/wp\/v2\/types\/page"}],"author":[{"embeddable":true,"href":"https:\/\/nordmann.es\/pl\/wp-json\/wp\/v2\/users\/1"}],"replies":[{"embeddable":true,"href":"https:\/\/nordmann.es\/pl\/wp-json\/wp\/v2\/comments?post=18674"}],"version-history":[{"count":3,"href":"https:\/\/nordmann.es\/pl\/wp-json\/wp\/v2\/pages\/18674\/revisions"}],"predecessor-version":[{"id":18678,"href":"https:\/\/nordmann.es\/pl\/wp-json\/wp\/v2\/pages\/18674\/revisions\/18678"}],"wp:attachment":[{"href":"https:\/\/nordmann.es\/pl\/wp-json\/wp\/v2\/media?parent=18674"}],"curies":[{"name":"wp","href":"https:\/\/api.w.org\/{rel}","templated":true}]}}