{"id":18656,"date":"2025-02-21T08:56:52","date_gmt":"2025-02-21T08:56:52","guid":{"rendered":"https:\/\/nordmann.es\/urbanizacje\/"},"modified":"2025-03-20T10:00:59","modified_gmt":"2025-03-20T10:00:59","slug":"urbanizacje","status":"publish","type":"page","link":"https:\/\/nordmann.es\/pl\/urbanizacje\/","title":{"rendered":"Urbanizacje"},"content":{"rendered":"\t\t<div data-elementor-type=\"wp-page\" data-elementor-id=\"18656\" class=\"elementor elementor-18656\" data-elementor-post-type=\"page\">\n\t\t\t\t\t\t<section class=\"elementor-section elementor-top-section elementor-element elementor-element-0d244dd elementor-section-boxed elementor-section-height-default elementor-section-height-default\" data-id=\"0d244dd\" data-element_type=\"section\" data-settings=\"{&quot;background_background&quot;:&quot;classic&quot;}\">\n\t\t\t\t\t\t<div class=\"elementor-container elementor-column-gap-default\">\n\t\t\t\t\t<div class=\"elementor-column elementor-col-100 elementor-top-column elementor-element elementor-element-7fcf559\" data-id=\"7fcf559\" data-element_type=\"column\" data-settings=\"{&quot;background_background&quot;:&quot;classic&quot;}\">\n\t\t\t<div class=\"elementor-widget-wrap elementor-element-populated\">\n\t\t\t\t\t\t<div class=\"elementor-element elementor-element-dfed6d5 elementor-widget elementor-widget-heading\" data-id=\"dfed6d5\" data-element_type=\"widget\" data-widget_type=\"heading.default\">\n\t\t\t\t<div class=\"elementor-widget-container\">\n\t\t\t<h1 class=\"elementor-heading-title elementor-size-default\">Urbanizacje<\/h1>\t\t<\/div>\n\t\t\t\t<\/div>\n\t\t\t\t\t<\/div>\n\t\t<\/div>\n\t\t\t\t\t<\/div>\n\t\t<\/section>\n\t\t\t\t<section class=\"elementor-section elementor-top-section elementor-element elementor-element-9714d84 elementor-section-boxed elementor-section-height-default elementor-section-height-default\" data-id=\"9714d84\" data-element_type=\"section\" data-settings=\"{&quot;background_background&quot;:&quot;classic&quot;}\">\n\t\t\t\t\t\t<div class=\"elementor-container elementor-column-gap-default\">\n\t\t\t\t\t<div class=\"elementor-column elementor-col-100 elementor-top-column elementor-element elementor-element-131f6fd\" data-id=\"131f6fd\" data-element_type=\"column\" data-settings=\"{&quot;background_background&quot;:&quot;classic&quot;}\">\n\t\t\t<div class=\"elementor-widget-wrap elementor-element-populated\">\n\t\t\t\t\t\t<section class=\"elementor-section elementor-inner-section elementor-element elementor-element-cfafd89 elementor-reverse-mobile elementor-section-boxed elementor-section-height-default elementor-section-height-default\" data-id=\"cfafd89\" data-element_type=\"section\">\n\t\t\t\t\t\t<div class=\"elementor-container elementor-column-gap-default\">\n\t\t\t\t\t<div class=\"elementor-column elementor-col-50 elementor-inner-column elementor-element elementor-element-086e79a\" data-id=\"086e79a\" data-element_type=\"column\">\n\t\t\t<div class=\"elementor-widget-wrap elementor-element-populated\">\n\t\t\t\t\t\t<div class=\"elementor-element elementor-element-b81f68c elementor-widget elementor-widget-heading\" data-id=\"b81f68c\" data-element_type=\"widget\" data-widget_type=\"heading.default\">\n\t\t\t\t<div class=\"elementor-widget-container\">\n\t\t\t<h2 class=\"elementor-heading-title elementor-size-default\">Andaluc\u00eda Garden Club<\/h2>\t\t<\/div>\n\t\t\t\t<\/div>\n\t\t\t\t<div class=\"elementor-element elementor-element-65c83c3 elementor-widget elementor-widget-text-editor\" data-id=\"65c83c3\" data-element_type=\"widget\" data-widget_type=\"text-editor.default\">\n\t\t\t\t<div class=\"elementor-widget-container\">\n\t\t\t\t\t\t\tNueva Andaluc\u00eda<br \/>Marbella\t\t\t\t\t\t<\/div>\n\t\t\t\t<\/div>\n\t\t\t\t<div class=\"elementor-element elementor-element-b7e5d14 elementor-align-center elementor-widget elementor-widget-button\" data-id=\"b7e5d14\" data-element_type=\"widget\" data-widget_type=\"button.default\">\n\t\t\t\t<div class=\"elementor-widget-container\">\n\t\t\t\t\t<div class=\"elementor-button-wrapper\">\n\t\t\t<a class=\"elementor-button elementor-button-link elementor-size-sm\" href=\"https:\/\/nordmann.es\/pl\/urbanizacje\/andalucia-garden-club\/\">\n\t\t\t\t\t\t<span class=\"elementor-button-content-wrapper\">\n\t\t\t\t\t\t<span class=\"elementor-button-icon\">\n\t\t\t\t<i aria-hidden=\"true\" class=\"fas fa-chevron-right\"><\/i>\t\t\t<\/span>\n\t\t\t\t\t\t\t\t\t<span class=\"elementor-button-text\">Wi\u0119cej informacji<\/span>\n\t\t\t\t\t<\/span>\n\t\t\t\t\t<\/a>\n\t\t<\/div>\n\t\t\t\t<\/div>\n\t\t\t\t<\/div>\n\t\t\t\t<div class=\"elementor-element elementor-element-95bc03b elementor-align-left elementor-mobile-align-center elementor-tablet-align-center elementor-icon-list--layout-traditional elementor-list-item-link-full_width elementor-widget elementor-widget-icon-list\" data-id=\"95bc03b\" data-element_type=\"widget\" data-widget_type=\"icon-list.default\">\n\t\t\t\t<div class=\"elementor-widget-container\">\n\t\t\t\t\t<ul class=\"elementor-icon-list-items\">\n\t\t\t\t\t\t\t<li class=\"elementor-icon-list-item\">\n\t\t\t\t\t\t\t\t\t\t\t<a href=\"https:\/\/nordmann.es\/pl\/urbanizacje\/andalucia-garden-club\/nieruchomosci-na-sprzedaz\/\">\n\n\t\t\t\t\t\t\t\t\t\t\t\t<span class=\"elementor-icon-list-icon\">\n\t\t\t\t\t\t\t<i aria-hidden=\"true\" class=\"fas fa-chevron-right\"><\/i>\t\t\t\t\t\t<\/span>\n\t\t\t\t\t\t\t\t\t\t<span class=\"elementor-icon-list-text\">Nieruchomo\u015bci na sprzeda\u017c<\/span>\n\t\t\t\t\t\t\t\t\t\t\t<\/a>\n\t\t\t\t\t\t\t\t\t<\/li>\n\t\t\t\t\t\t<\/ul>\n\t\t\t\t<\/div>\n\t\t\t\t<\/div>\n\t\t\t\t\t<\/div>\n\t\t<\/div>\n\t\t\t\t<div class=\"elementor-column elementor-col-50 elementor-inner-column elementor-element elementor-element-7e16f15\" data-id=\"7e16f15\" data-element_type=\"column\">\n\t\t\t<div class=\"elementor-widget-wrap elementor-element-populated\">\n\t\t\t\t\t\t<div class=\"elementor-element elementor-element-18fe01a elementor-widget elementor-widget-image\" data-id=\"18fe01a\" data-element_type=\"widget\" data-widget_type=\"image.default\">\n\t\t\t\t<div class=\"elementor-widget-container\">\n\t\t\t\t\t\t\t\t\t\t\t\t\t\t<a href=\"https:\/\/nordmann.es\/pl\/urbanizacje\/andalucia-garden-club\/\">\n\t\t\t\t\t\t\t<img fetchpriority=\"high\" decoding=\"async\" width=\"1920\" height=\"850\" src=\"https:\/\/nordmann.es\/wp-content\/uploads\/2025\/02\/andalucia-garden-club-portada.webp\" class=\"attachment-full size-full wp-image-18313\" alt=\"Andaluc\u00eda Garden Club\" srcset=\"https:\/\/nordmann.es\/wp-content\/uploads\/2025\/02\/andalucia-garden-club-portada.webp 1920w, https:\/\/nordmann.es\/wp-content\/uploads\/2025\/02\/andalucia-garden-club-portada-300x133.webp 300w, https:\/\/nordmann.es\/wp-content\/uploads\/2025\/02\/andalucia-garden-club-portada-1024x453.webp 1024w, https:\/\/nordmann.es\/wp-content\/uploads\/2025\/02\/andalucia-garden-club-portada-768x340.webp 768w, https:\/\/nordmann.es\/wp-content\/uploads\/2025\/02\/andalucia-garden-club-portada-1536x680.webp 1536w\" sizes=\"(max-width: 1920px) 100vw, 1920px\" \/>\t\t\t\t\t\t\t\t<\/a>\n\t\t\t\t\t\t\t\t\t\t\t\t\t<\/div>\n\t\t\t\t<\/div>\n\t\t\t\t\t<\/div>\n\t\t<\/div>\n\t\t\t\t\t<\/div>\n\t\t<\/section>\n\t\t\t\t\t<\/div>\n\t\t<\/div>\n\t\t\t\t\t<\/div>\n\t\t<\/section>\n\t\t\t\t<\/div>\n\t\t","protected":false},"excerpt":{"rendered":"<p>Urbanizacje Andaluc\u00eda Garden Club Nueva Andaluc\u00edaMarbella Wi\u0119cej informacji Nieruchomo\u015bci na sprzeda\u017c<\/p>\n","protected":false},"author":1,"featured_media":0,"parent":0,"menu_order":0,"comment_status":"closed","ping_status":"closed","template":"","meta":{"footnotes":""},"class_list":["post-18656","page","type-page","status-publish","hentry"],"_links":{"self":[{"href":"https:\/\/nordmann.es\/pl\/wp-json\/wp\/v2\/pages\/18656","targetHints":{"allow":["GET"]}}],"collection":[{"href":"https:\/\/nordmann.es\/pl\/wp-json\/wp\/v2\/pages"}],"about":[{"href":"https:\/\/nordmann.es\/pl\/wp-json\/wp\/v2\/types\/page"}],"author":[{"embeddable":true,"href":"https:\/\/nordmann.es\/pl\/wp-json\/wp\/v2\/users\/1"}],"replies":[{"embeddable":true,"href":"https:\/\/nordmann.es\/pl\/wp-json\/wp\/v2\/comments?post=18656"}],"version-history":[{"count":3,"href":"https:\/\/nordmann.es\/pl\/wp-json\/wp\/v2\/pages\/18656\/revisions"}],"predecessor-version":[{"id":18663,"href":"https:\/\/nordmann.es\/pl\/wp-json\/wp\/v2\/pages\/18656\/revisions\/18663"}],"wp:attachment":[{"href":"https:\/\/nordmann.es\/pl\/wp-json\/wp\/v2\/media?parent=18656"}],"curies":[{"name":"wp","href":"https:\/\/api.w.org\/{rel}","templated":true}]}}