{"id":13450,"date":"2022-09-19T10:08:09","date_gmt":"2022-09-19T10:08:09","guid":{"rendered":"https:\/\/www.nmgestion.es\/nueva\/aviso-legal\/"},"modified":"2023-07-09T17:24:01","modified_gmt":"2023-07-09T17:24:01","slug":"privacy-policy","status":"publish","type":"page","link":"https:\/\/nordmann.es\/en\/privacy-policy\/","title":{"rendered":"Privacy policy"},"content":{"rendered":"\t\t<div data-elementor-type=\"wp-page\" data-elementor-id=\"13450\" class=\"elementor elementor-13450\" data-elementor-post-type=\"page\">\n\t\t\t\t\t\t<section class=\"elementor-section elementor-top-section elementor-element elementor-element-41ec3f4 elementor-section-boxed elementor-section-height-default elementor-section-height-default\" data-id=\"41ec3f4\" data-element_type=\"section\" data-settings=\"{&quot;background_background&quot;:&quot;classic&quot;}\">\n\t\t\t\t\t\t<div class=\"elementor-container elementor-column-gap-default\">\n\t\t\t\t\t<div class=\"elementor-column elementor-col-100 elementor-top-column elementor-element elementor-element-779deda\" data-id=\"779deda\" data-element_type=\"column\" data-settings=\"{&quot;background_background&quot;:&quot;classic&quot;}\">\n\t\t\t<div class=\"elementor-widget-wrap elementor-element-populated\">\n\t\t\t\t\t\t<div class=\"elementor-element elementor-element-6ef84cb elementor-widget elementor-widget-heading\" data-id=\"6ef84cb\" data-element_type=\"widget\" data-widget_type=\"heading.default\">\n\t\t\t\t<div class=\"elementor-widget-container\">\n\t\t\t<h2 class=\"elementor-heading-title elementor-size-default\">Legal notice &amp; Privacy policy<\/h2>\t\t<\/div>\n\t\t\t\t<\/div>\n\t\t\t\t<div class=\"elementor-element elementor-element-a1dfece elementor-widget elementor-widget-heading\" data-id=\"a1dfece\" data-element_type=\"widget\" data-widget_type=\"heading.default\">\n\t\t\t\t<div class=\"elementor-widget-container\">\n\t\t\t<h2 class=\"elementor-heading-title elementor-size-default\">We apologize, this page is currently only available in Spanish.<\/h2>\t\t<\/div>\n\t\t\t\t<\/div>\n\t\t\t\t<div class=\"elementor-element elementor-element-f1ecd9d elementor-widget elementor-widget-text-editor\" data-id=\"f1ecd9d\" data-element_type=\"widget\" data-widget_type=\"text-editor.default\">\n\t\t\t\t<div class=\"elementor-widget-container\">\n\t\t\t\t\t\t\t<p>De acuerdo con lo dispuesto en el art\u00edculo 10 de la Ley 34\/2002, de Servicios de la Sociedad de la Informaci\u00f3n y de Comercio Electr\u00f3nico y el Real Decreto-ley 13\/2012, de 30 de marzo, de servicios de la sociedad de la informaci\u00f3n y de comercio electr\u00f3nico (LSSI). Se informa a todos nuestros clientes, usuarios y visitantes sobre la informaci\u00f3n legal relativa a la empresa propietaria del sitio web ubicado en la direcci\u00f3n de Internet:<\/p><p><blockquote class=\"wp-embedded-content\" data-secret=\"ha8kAQLA9y\"><a href=\"https:\/\/nordmann.es\/\">Inicio<\/a><\/blockquote><iframe class=\"wp-embedded-content\" sandbox=\"allow-scripts\" security=\"restricted\" style=\"position: absolute; clip: rect(1px, 1px, 1px, 1px);\" title=\"\u00abInicio\u00bb \u2014 John Nordmann - Real Estate Agent - Marbella\" src=\"https:\/\/nordmann.es\/embed\/#?secret=lTMi6RLgz9#?secret=ha8kAQLA9y\" data-secret=\"ha8kAQLA9y\" width=\"600\" height=\"338\" frameborder=\"0\" marginwidth=\"0\" marginheight=\"0\" scrolling=\"no\"><\/iframe><\/p><p><b>Denominaci\u00f3n social<br \/><\/b>TARICLA ASESORES S.L.<br \/>N\u00famero de identificaci\u00f3n fiscal: B-92.792.878<\/p><p><b>Domicilio social<br \/><\/b>Urbanizaci\u00f3n Se\u00f1or\u00edo de Cortes, 16<br \/>29680 Estepona, M\u00e1laga<\/p><p><b>Correo electr\u00f3nico<\/b><br \/>info@nordmann.es<\/p><p>Este sitio web ha sido creado por la empresa TARICLA ASESORES S.L. con car\u00e1cter informativo y para uso personal de los usuarios. A trav\u00e9s de este Aviso legal, se pretende regular el acceso y uso de este sitio web, as\u00ed como la relaci\u00f3n entre el sitio web y sus usuarios. Accediendo a este sitio web se aceptan los siguientes t\u00e9rminos y condiciones: el acceso a este sitio web es responsabilidad exclusiva de los usuarios.<\/p><p>El uso por parte de los Usuarios de nuestra p\u00e1gina web implica el consentimiento expreso del uso, tratamiento y cesi\u00f3n de sus datos a TARICLA ASESORES S.L. y aquellas que tengan directa e indirectamente relaciones profesionales para la prestaci\u00f3n de dichos servicios.<br \/>Desde el sitio web es posible que se acceda a web de terceros sitios. Dado que el prestador no puede controlar siempre los contenidos introducidos por los terceros en sus sitios web, este no asume ning\u00fan tipo de responsabilidad respecto a dichos contenidos.<br \/>TARICLA ASESORES S.L. alojar\u00e1 todos los datos personales de sus Usuarios en un fichero automatizado cuya finalidad es la gesti\u00f3n, control, prevenci\u00f3n y mantenimiento de estos servicios, y que cumple con todos los requisitos y garant\u00edas dispuestas en la normativa sobre Protecci\u00f3n de Datos.<\/p><p>Nuestros usuarios autorizan a TARICLA ASESORES S.L. a tratar automatizadamente sus datos personales.<\/p><p>Todos los nombres comerciales, marcas o signos distintivos, logotipos, s\u00edmbolos, marcas mixtas, figurativas o nominativas que aparecen en este sitio web pertenecen a TARICLA ASESORES S.L. o dispone, previa autorizaci\u00f3n, del derecho de uso sobre las mismas y se encuentran protegidos por la legislaci\u00f3n vigente al respecto.<\/p><p>El simple acceso a este sitio web no supone entablar ning\u00fan tipo de relaci\u00f3n comercial entre TARICLA ASESORES S.L. y el usuario. El acceso y la navegaci\u00f3n en este sitio web supone aceptar y conocer las advertencias legales, condiciones y t\u00e9rminos de uso contenidas en ella.<\/p><p>Empleo de cookies: esta web podr\u00e1 utilizar cookies propias y de terceros para gestionar las sesiones de usuarios, personalizar y facilitar al m\u00e1ximo la navegaci\u00f3n por su Site. Las cookies se asocian \u00fanicamente a un USUARIO an\u00f3nimo y su ordenador y no proporcionan referencias que permitan deducir datos personales del USUARIO. El USUARIO podr\u00e1 configurar su navegador para que notifique y rechace la instalaci\u00f3n de las cookies enviadas por esta web, sin que ello perjudique la posibilidad del USUARIO de acceder a los Contenidos.<\/p><p>Cualquier acci\u00f3n que no sea el rechazo u oposici\u00f3n a las cookies implicar\u00e1 el consentimiento para su recogida y tratamiento conforme a nuestro Aviso Legal.<\/p><p>El titular del sitio web puede ofrecer servicios o productos que podr\u00e1n encontrarse sometidos a unas condiciones particulares propias que, seg\u00fan los casos, sustituyan, completen y\/o modifiquen las condiciones que figuren en nuestra web, y sobre las cuales se informar\u00e1 al usuario en cada caso concreto.<\/p><p><b>Legislaci\u00f3n aplicable y Tribunales competentes<\/b><\/p><p>Los t\u00e9rminos y condiciones que rigen este sitio web, as\u00ed como las relaciones que pudieran derivarse, est\u00e1n protegidas y quedan sujetas a la legislaci\u00f3n espa\u00f1ola.<\/p><p>Para la resoluci\u00f3n de cualquier tipo de controversia, litigio o discrepancia que pudiera suscitarse entre el usuario y nordmann.es, por el uso de este sitio web, se acuerda el sometimiento de las mismas a los Juzgados y Tribunales de M\u00c1LAGA (Espa\u00f1a) o a los que en derecho les corresponda.<\/p><p><b>CL\u00c1USULA DE PROTECCI\u00d3N DE DATOS<\/b><\/p><p>En cumplimiento de la Ley Org\u00e1nica 15\/1999, de Protecci\u00f3n de Datos de Car\u00e1cter Personal, le informamos que los datos personales, que nos facilite ser\u00e1n incorporados a un fichero debidamente registrado en la Agencia Espa\u00f1ola de Protecci\u00f3n de Datos, cuyo titular es TARICLA ASESORES S.L. Urb. Se\u00f1or\u00edo de Cortes 16, 29680 Estepona, M\u00e1laga Espa\u00f1a.<\/p><p>Estos datos ser\u00e1n utilizados para ofrecer un servicio personalizado, din\u00e1mico y eficiente y para mantenerlo informado por esta v\u00eda u otro medio de comunicaci\u00f3n sobre nuestros servicios. Los datos proporcionados no se ceder\u00e1n, bajo ning\u00fan concepto para ninguna otra finalidad que la indicada. Si lo desea, podr\u00e1 ejercitar en todo momento los derechos ARCO, de acceso, rectificaci\u00f3n, cancelaci\u00f3n u oposici\u00f3n, remitiendo un correo electr\u00f3nico a la direcci\u00f3n: info@nordmann.es<\/p><p>Si no desea recibir comunicaciones comerciales de nuestra empresa, env\u00ede un correo electr\u00f3nico indic\u00e1ndonoslo a la direcci\u00f3n: info@nordmann.es<\/p>\t\t\t\t\t\t<\/div>\n\t\t\t\t<\/div>\n\t\t\t\t\t<\/div>\n\t\t<\/div>\n\t\t\t\t\t<\/div>\n\t\t<\/section>\n\t\t\t\t<\/div>\n\t\t","protected":false},"excerpt":{"rendered":"<p>Legal notice &#038; Privacy policy We apologize, this page is currently only available in Spanish. De acuerdo con lo dispuesto en el art\u00edculo 10 de la Ley 34\/2002, de Servicios de la Sociedad de la Informaci\u00f3n y de Comercio Electr\u00f3nico y el Real Decreto-ley 13\/2012, de 30 de marzo, de servicios de la sociedad de [&hellip;]<\/p>\n","protected":false},"author":1,"featured_media":0,"parent":0,"menu_order":0,"comment_status":"closed","ping_status":"closed","template":"","meta":{"footnotes":""},"class_list":["post-13450","page","type-page","status-publish","hentry"],"_links":{"self":[{"href":"https:\/\/nordmann.es\/en\/wp-json\/wp\/v2\/pages\/13450","targetHints":{"allow":["GET"]}}],"collection":[{"href":"https:\/\/nordmann.es\/en\/wp-json\/wp\/v2\/pages"}],"about":[{"href":"https:\/\/nordmann.es\/en\/wp-json\/wp\/v2\/types\/page"}],"author":[{"embeddable":true,"href":"https:\/\/nordmann.es\/en\/wp-json\/wp\/v2\/users\/1"}],"replies":[{"embeddable":true,"href":"https:\/\/nordmann.es\/en\/wp-json\/wp\/v2\/comments?post=13450"}],"version-history":[{"count":25,"href":"https:\/\/nordmann.es\/en\/wp-json\/wp\/v2\/pages\/13450\/revisions"}],"predecessor-version":[{"id":16846,"href":"https:\/\/nordmann.es\/en\/wp-json\/wp\/v2\/pages\/13450\/revisions\/16846"}],"wp:attachment":[{"href":"https:\/\/nordmann.es\/en\/wp-json\/wp\/v2\/media?parent=13450"}],"curies":[{"name":"wp","href":"https:\/\/api.w.org\/{rel}","templated":true}]}}